{"id":85,"date":"2023-10-24T16:49:18","date_gmt":"2023-10-24T14:49:18","guid":{"rendered":"https:\/\/creperiedes2portes.fr\/?page_id=85"},"modified":"2024-01-05T16:55:21","modified_gmt":"2024-01-05T15:55:21","slug":"contact","status":"publish","type":"page","link":"https:\/\/creperiedes2portes.fr\/index.php\/contact\/","title":{"rendered":"Contact"},"content":{"rendered":"\t\t<div data-elementor-type=\"wp-page\" data-elementor-id=\"85\" class=\"elementor elementor-85\" data-elementor-post-type=\"page\">\n\t\t\t\t\t\t\t<div class=\"elementor-element elementor-element-44b5730 e-flex e-con-boxed e-con e-parent\" data-id=\"44b5730\" data-element_type=\"container\" data-settings=\"{&quot;background_background&quot;:&quot;classic&quot;,&quot;content_width&quot;:&quot;boxed&quot;}\" data-e-bg-lazyload=\"\" data-core-v316-plus=\"true\">\n\t\t\t\t\t<div class=\"e-con-inner\">\n\t\t<div class=\"elementor-element elementor-element-c4a314e e-con-full e-flex e-con e-child\" data-id=\"c4a314e\" data-element_type=\"container\" data-settings=\"{&quot;background_background&quot;:&quot;gradient&quot;,&quot;content_width&quot;:&quot;full&quot;}\">\n\t\t\t\t<div class=\"elementor-element elementor-element-925e202 elementor-widget elementor-widget-heading\" data-id=\"925e202\" data-element_type=\"widget\" data-widget_type=\"heading.default\">\n\t\t\t\t<div class=\"elementor-widget-container\">\n\t\t\t<style>\/*! elementor - v3.18.0 - 20-12-2023 *\/\n.elementor-heading-title{padding:0;margin:0;line-height:1}.elementor-widget-heading .elementor-heading-title[class*=elementor-size-]>a{color:inherit;font-size:inherit;line-height:inherit}.elementor-widget-heading .elementor-heading-title.elementor-size-small{font-size:15px}.elementor-widget-heading .elementor-heading-title.elementor-size-medium{font-size:19px}.elementor-widget-heading .elementor-heading-title.elementor-size-large{font-size:29px}.elementor-widget-heading .elementor-heading-title.elementor-size-xl{font-size:39px}.elementor-widget-heading .elementor-heading-title.elementor-size-xxl{font-size:59px}<\/style><h2 class=\"elementor-heading-title elementor-size-default\">Contactez nous !<\/h2>\t\t<\/div>\n\t\t\t\t<\/div>\n\t\t\t\t<\/div>\n\t\t\t\t\t<\/div>\n\t\t\t\t<\/div>\n\t\t<div class=\"elementor-element elementor-element-54e89ad e-flex e-con-boxed elementor-invisible e-con e-parent\" data-id=\"54e89ad\" data-element_type=\"container\" data-settings=\"{&quot;background_background&quot;:&quot;classic&quot;,&quot;animation&quot;:&quot;lightSpeedIn&quot;,&quot;content_width&quot;:&quot;boxed&quot;}\" data-core-v316-plus=\"true\">\n\t\t\t\t\t<div class=\"e-con-inner\">\n\t\t\t\t<div class=\"elementor-element elementor-element-3731f35 elementor-widget elementor-widget-heading\" data-id=\"3731f35\" data-element_type=\"widget\" data-widget_type=\"heading.default\">\n\t\t\t\t<div class=\"elementor-widget-container\">\n\t\t\t<h2 class=\"elementor-heading-title elementor-size-default\">R\u00e9servez votre table ou demandez un renseignement <\/h2>\t\t<\/div>\n\t\t\t\t<\/div>\n\t\t\t\t<div class=\"elementor-element elementor-element-ecb3c91 elementor-button-align-center elementor-widget__width-inherit elementor-widget elementor-widget-form\" data-id=\"ecb3c91\" data-element_type=\"widget\" data-settings=\"{&quot;step_next_label&quot;:&quot;Suivant&quot;,&quot;step_previous_label&quot;:&quot;Pr\\u00e9c\\u00e9dent&quot;,&quot;button_width&quot;:&quot;100&quot;,&quot;step_type&quot;:&quot;number_text&quot;,&quot;step_icon_shape&quot;:&quot;circle&quot;}\" data-widget_type=\"form.default\">\n\t\t\t\t<div class=\"elementor-widget-container\">\n\t\t\t<style>\/*! elementor-pro - v3.18.0 - 20-12-2023 *\/\n.elementor-button.elementor-hidden,.elementor-hidden{display:none}.e-form__step{width:100%}.e-form__step:not(.elementor-hidden){display:flex;flex-wrap:wrap}.e-form__buttons{flex-wrap:wrap}.e-form__buttons,.e-form__buttons__wrapper{display:flex}.e-form__indicators{display:flex;justify-content:space-between;align-items:center;flex-wrap:nowrap;font-size:13px;margin-bottom:var(--e-form-steps-indicators-spacing)}.e-form__indicators__indicator{display:flex;flex-direction:column;align-items:center;justify-content:center;flex-basis:0;padding:0 var(--e-form-steps-divider-gap)}.e-form__indicators__indicator__progress{width:100%;position:relative;background-color:var(--e-form-steps-indicator-progress-background-color);border-radius:var(--e-form-steps-indicator-progress-border-radius);overflow:hidden}.e-form__indicators__indicator__progress__meter{width:var(--e-form-steps-indicator-progress-meter-width,0);height:var(--e-form-steps-indicator-progress-height);line-height:var(--e-form-steps-indicator-progress-height);padding-right:15px;border-radius:var(--e-form-steps-indicator-progress-border-radius);background-color:var(--e-form-steps-indicator-progress-color);color:var(--e-form-steps-indicator-progress-meter-color);text-align:right;transition:width .1s linear}.e-form__indicators__indicator:first-child{padding-left:0}.e-form__indicators__indicator:last-child{padding-right:0}.e-form__indicators__indicator--state-inactive{color:var(--e-form-steps-indicator-inactive-primary-color,#c2cbd2)}.e-form__indicators__indicator--state-inactive [class*=indicator--shape-]:not(.e-form__indicators__indicator--shape-none){background-color:var(--e-form-steps-indicator-inactive-secondary-color,#fff)}.e-form__indicators__indicator--state-inactive object,.e-form__indicators__indicator--state-inactive svg{fill:var(--e-form-steps-indicator-inactive-primary-color,#c2cbd2)}.e-form__indicators__indicator--state-active{color:var(--e-form-steps-indicator-active-primary-color,#39b54a);border-color:var(--e-form-steps-indicator-active-secondary-color,#fff)}.e-form__indicators__indicator--state-active [class*=indicator--shape-]:not(.e-form__indicators__indicator--shape-none){background-color:var(--e-form-steps-indicator-active-secondary-color,#fff)}.e-form__indicators__indicator--state-active object,.e-form__indicators__indicator--state-active svg{fill:var(--e-form-steps-indicator-active-primary-color,#39b54a)}.e-form__indicators__indicator--state-completed{color:var(--e-form-steps-indicator-completed-secondary-color,#fff)}.e-form__indicators__indicator--state-completed [class*=indicator--shape-]:not(.e-form__indicators__indicator--shape-none){background-color:var(--e-form-steps-indicator-completed-primary-color,#39b54a)}.e-form__indicators__indicator--state-completed .e-form__indicators__indicator__label{color:var(--e-form-steps-indicator-completed-primary-color,#39b54a)}.e-form__indicators__indicator--state-completed .e-form__indicators__indicator--shape-none{color:var(--e-form-steps-indicator-completed-primary-color,#39b54a);background-color:initial}.e-form__indicators__indicator--state-completed object,.e-form__indicators__indicator--state-completed svg{fill:var(--e-form-steps-indicator-completed-secondary-color,#fff)}.e-form__indicators__indicator__icon{width:var(--e-form-steps-indicator-padding,30px);height:var(--e-form-steps-indicator-padding,30px);font-size:var(--e-form-steps-indicator-icon-size);border-width:1px;border-style:solid;display:flex;justify-content:center;align-items:center;overflow:hidden;margin-bottom:10px}.e-form__indicators__indicator__icon img,.e-form__indicators__indicator__icon object,.e-form__indicators__indicator__icon svg{width:var(--e-form-steps-indicator-icon-size);height:auto}.e-form__indicators__indicator__icon .e-font-icon-svg{height:1em}.e-form__indicators__indicator__number{width:var(--e-form-steps-indicator-padding,30px);height:var(--e-form-steps-indicator-padding,30px);border-width:1px;border-style:solid;display:flex;justify-content:center;align-items:center;margin-bottom:10px}.e-form__indicators__indicator--shape-circle{border-radius:50%}.e-form__indicators__indicator--shape-square{border-radius:0}.e-form__indicators__indicator--shape-rounded{border-radius:5px}.e-form__indicators__indicator--shape-none{border:0}.e-form__indicators__indicator__label{text-align:center}.e-form__indicators__indicator__separator{width:100%;height:var(--e-form-steps-divider-width);background-color:#babfc5}.e-form__indicators--type-icon,.e-form__indicators--type-icon_text,.e-form__indicators--type-number,.e-form__indicators--type-number_text{align-items:flex-start}.e-form__indicators--type-icon .e-form__indicators__indicator__separator,.e-form__indicators--type-icon_text .e-form__indicators__indicator__separator,.e-form__indicators--type-number .e-form__indicators__indicator__separator,.e-form__indicators--type-number_text .e-form__indicators__indicator__separator{margin-top:calc(var(--e-form-steps-indicator-padding, 30px) \/ 2 - var(--e-form-steps-divider-width, 1px) \/ 2)}.elementor-field-type-hidden{display:none}.elementor-field-type-html{display:inline-block}.elementor-field-type-tel input{direction:inherit}.elementor-login .elementor-lost-password,.elementor-login .elementor-remember-me{font-size:.85em}.elementor-field-type-recaptcha_v3 .elementor-field-label{display:none}.elementor-field-type-recaptcha_v3 .grecaptcha-badge{z-index:1}.elementor-button .elementor-form-spinner{order:3}.elementor-form .elementor-button>span{display:flex;justify-content:center;align-items:center}.elementor-form .elementor-button .elementor-button-text{white-space:normal;flex-grow:0}.elementor-form .elementor-button svg{height:auto}.elementor-form .elementor-button .e-font-icon-svg{height:1em}.elementor-select-wrapper .select-caret-down-wrapper{position:absolute;top:50%;transform:translateY(-50%);inset-inline-end:10px;pointer-events:none;font-size:11px}.elementor-select-wrapper .select-caret-down-wrapper svg{display:unset;width:1em;aspect-ratio:unset;fill:currentColor}.elementor-select-wrapper .select-caret-down-wrapper i{font-size:19px;line-height:2}.elementor-select-wrapper.remove-before:before{content:\"\"!important}<\/style>\t\t<form class=\"elementor-form\" method=\"post\" name=\"Nous contacter\">\n\t\t\t<input type=\"hidden\" name=\"post_id\" value=\"85\"\/>\n\t\t\t<input type=\"hidden\" name=\"form_id\" value=\"ecb3c91\"\/>\n\t\t\t<input type=\"hidden\" name=\"referer_title\" value=\"La Creperie des 2 Portes\" \/>\n\n\t\t\t\n\t\t\t<div class=\"elementor-form-fields-wrapper elementor-labels-\">\n\t\t\t\t\t\t\t\t<div class=\"elementor-field-type-text elementor-field-group elementor-column elementor-field-group-name elementor-col-100\">\n\t\t\t\t\t\t\t\t\t\t\t\t\t<input size=\"1\" type=\"text\" name=\"form_fields[name]\" id=\"form-field-name\" class=\"elementor-field elementor-size-sm  elementor-field-textual\" placeholder=\"Nom\">\n\t\t\t\t\t\t\t\t\t\t\t<\/div>\n\t\t\t\t\t\t\t\t<div class=\"elementor-field-type-email elementor-field-group elementor-column elementor-field-group-email elementor-col-100 elementor-field-required\">\n\t\t\t\t\t\t\t\t\t\t\t\t\t<input size=\"1\" type=\"email\" name=\"form_fields[email]\" id=\"form-field-email\" class=\"elementor-field elementor-size-sm  elementor-field-textual\" placeholder=\"E-mail\" required=\"required\" aria-required=\"true\">\n\t\t\t\t\t\t\t\t\t\t\t<\/div>\n\t\t\t\t\t\t\t\t<div class=\"elementor-field-type-text elementor-field-group elementor-column elementor-field-group-field_db3dfde elementor-col-100\">\n\t\t\t\t\t\t\t\t\t\t\t\t<label for=\"form-field-field_db3dfde\" class=\"elementor-field-label elementor-screen-only\">\n\t\t\t\t\t\t\t\tT\u00e9l\u00e9phone\t\t\t\t\t\t\t<\/label>\n\t\t\t\t\t\t\t\t\t\t\t\t\t\t<input size=\"1\" type=\"text\" name=\"form_fields[field_db3dfde]\" id=\"form-field-field_db3dfde\" class=\"elementor-field elementor-size-sm  elementor-field-textual\" placeholder=\"T\u00e9l\u00e9phone\">\n\t\t\t\t\t\t\t\t\t\t\t<\/div>\n\t\t\t\t\t\t\t\t<div class=\"elementor-field-type-textarea elementor-field-group elementor-column elementor-field-group-message elementor-col-100\">\n\t\t\t\t\t<textarea class=\"elementor-field-textual elementor-field  elementor-size-sm\" name=\"form_fields[message]\" id=\"form-field-message\" rows=\"4\" placeholder=\"Pour une r\u00e9servation indiquez le nombre de personne, la date ainsi que l&#039;heure souhait\u00e9e. \"><\/textarea>\t\t\t\t<\/div>\n\t\t\t\t\t\t\t\t<div class=\"elementor-field-group elementor-column elementor-field-type-submit elementor-col-100 e-form__buttons\">\n\t\t\t\t\t<button type=\"submit\" class=\"elementor-button elementor-size-md\" id=\"submitForm\">\n\t\t\t\t\t\t<span >\n\t\t\t\t\t\t\t\t\t\t\t\t\t\t\t<span class=\" elementor-button-icon\">\n\t\t\t\t\t\t\t\t\t\t\t\t\t\t\t\t\t\t\t\t\t\t\t\t\t\t<\/span>\n\t\t\t\t\t\t\t\t\t\t\t\t\t\t\t\t\t\t\t\t\t\t<span class=\"elementor-button-text\">Envoyer<\/span>\n\t\t\t\t\t\t\t\t\t\t\t\t\t<\/span>\n\t\t\t\t\t<\/button>\n\t\t\t\t<\/div>\n\t\t\t<\/div>\n\t\t<\/form>\n\t\t\t\t<\/div>\n\t\t\t\t<\/div>\n\t\t\t\t\t<\/div>\n\t\t\t\t<\/div>\n\t\t<div class=\"elementor-element elementor-element-c362564 e-con-full e-flex e-con e-child\" data-id=\"c362564\" data-element_type=\"container\" data-settings=\"{&quot;content_width&quot;:&quot;full&quot;,&quot;background_background&quot;:&quot;classic&quot;,&quot;background_motion_fx_motion_fx_scrolling&quot;:&quot;yes&quot;,&quot;background_motion_fx_devices&quot;:[&quot;desktop&quot;,&quot;tablet&quot;,&quot;mobile&quot;]}\" data-e-bg-lazyload=\"\">\n\t\t\t\t<div class=\"elementor-element elementor-element-2e15535 elementor-widget__width-initial elementor-widget elementor-widget-text-editor\" data-id=\"2e15535\" data-element_type=\"widget\" data-widget_type=\"text-editor.default\">\n\t\t\t\t<div class=\"elementor-widget-container\">\n\t\t\t<style>\/*! elementor - v3.18.0 - 20-12-2023 *\/\n.elementor-widget-text-editor.elementor-drop-cap-view-stacked .elementor-drop-cap{background-color:#69727d;color:#fff}.elementor-widget-text-editor.elementor-drop-cap-view-framed .elementor-drop-cap{color:#69727d;border:3px solid;background-color:transparent}.elementor-widget-text-editor:not(.elementor-drop-cap-view-default) .elementor-drop-cap{margin-top:8px}.elementor-widget-text-editor:not(.elementor-drop-cap-view-default) .elementor-drop-cap-letter{width:1em;height:1em}.elementor-widget-text-editor .elementor-drop-cap{float:left;text-align:center;line-height:1;font-size:50px}.elementor-widget-text-editor .elementor-drop-cap-letter{display:inline-block}<\/style>\t\t\t\t<p><strong>INFOS PRATIQUES<\/strong><br \/><strong>CUISINE<\/strong><\/p><p>\u00c0 la Cr\u00eaperie des Deux Portes, la gastronomie est un art que nous cultivons avec passion. Chaque bouch\u00e9e est une invitation \u00e0 un voyage culinaire exquis, et notre engagement envers la qualit\u00e9 et la fra\u00eecheur est au c\u0153ur de tout ce que nous cr\u00e9ons.<\/p><p>Nos d\u00e9licieuses galettes et cr\u00eapes sont le r\u00e9sultat d&#8217;une \u00e9laboration m\u00e9ticuleuse. Nous commen\u00e7ons avec une base de farine bio soigneusement s\u00e9lectionn\u00e9e, garantissant une texture l\u00e9g\u00e8re et savoureuse. Chaque ingr\u00e9dient, qu&#8217;il s&#8217;agisse de produits locaux, de l\u00e9gumes frais ou de garnitures artisanales, est choisi avec soin pour assurer une exp\u00e9rience gustative inoubliable.<\/p><p><strong>TYPE DE RESTAURANT<\/strong><\/p><p>Bien plus qu&#8217;un simple \u00e9tablissement, la Cr\u00eaperie des Deux Portes est un lieu o\u00f9 la convivialit\u00e9, la chaleur et la gourmandise se rencontrent. Notre restaurant a \u00e9t\u00e9 con\u00e7u pour \u00eatre un espace accueillant o\u00f9 chaque instant est une c\u00e9l\u00e9bration du plaisir culinaire.<\/p><p>Que ce soit pour un repas d\u00e9contract\u00e9 entre amis, une soir\u00e9e romantique ou une sortie en famille, la Cr\u00eaperie des Deux Portes vous accueille pour un voyage gustatif au pays des cr\u00eapes, sucr\u00e9es et sal\u00e9es.<\/p><p><strong>SERVICES<\/strong><\/p><p>\u00c0 la Cr\u00eaperie des Deux Portes, nous sommes d\u00e9termin\u00e9s \u00e0 rendre votre exp\u00e9rience non seulement d\u00e9licieuse mais aussi inoubliable. Nous offrons une gamme de services con\u00e7us pour r\u00e9pondre \u00e0 vos besoins, cr\u00e9ant ainsi un cadre id\u00e9al pour chaque occasion.<\/p><p><strong>Privatisation de l&#8217;Espace :<\/strong> Vous cherchez un lieu exceptionnel pour c\u00e9l\u00e9brer un \u00e9v\u00e9nement sp\u00e9cial ? Privatisez notre espace et offrez \u00e0 vos invit\u00e9s une exp\u00e9rience inoubliable.<\/p><p><strong>Accessibilit\u00e9 :<\/strong> Notre \u00e9tablissement est accessible \u00e0 tous, avec des installations adapt\u00e9es pour accueillir les personnes \u00e0 mobilit\u00e9 r\u00e9duite.<\/p><p><strong>Terrasse Ensoleill\u00e9e :<\/strong> Notre terrasse ensoleill\u00e9e est l&#8217;endroit id\u00e9al pour d\u00e9guster des repas en plein air dans une ambiance d\u00e9tendue.<\/p><p><strong>Wifi Gratuit :<\/strong> Restez connect\u00e9 pendant votre visite gr\u00e2ce \u00e0 notre acc\u00e8s wifi gratuit. Que vous souhaitiez partager vos moments gourmands sur les r\u00e9seaux sociaux, travailler \u00e0 distance ou simplement naviguer. notre connexion rapide vous accompagne tout au long de votre s\u00e9jour.<\/p>\t\t\t\t\t\t<\/div>\n\t\t\t\t<\/div>\n\t\t\t\t<div class=\"elementor-element elementor-element-db63046 elementor-widget__width-initial elementor-widget elementor-widget-text-editor\" data-id=\"db63046\" data-element_type=\"widget\" data-widget_type=\"text-editor.default\">\n\t\t\t\t<div class=\"elementor-widget-container\">\n\t\t\t\t\t\t\t<p><strong>HORAIRES D&#8217;OUVERTURE<\/strong><\/p><p>D\u00e9couvrez le plaisir de d\u00e9guster nos d\u00e9lices bretons tout au long de la semaine ! La Cr\u00eaperie des 2 Portes vous ouvre ses portes du mardi au dimanche aux heures suivantes :<\/p><p>\u00a0<\/p><p>Mardi &#8211; Jeudi : 11h30-15h,\u00a0 18h30-22h30<\/p><p>Vendredi &#8211; Samedi : 11h30-23h (non-stop)<\/p><p>Dimanche : 11h30-15h30<\/p>\t\t\t\t\t\t<\/div>\n\t\t\t\t<\/div>\n\t\t\t\t<\/div>\n\t\t<div class=\"elementor-element elementor-element-1b38921 e-con-full e-flex e-con e-parent\" data-id=\"1b38921\" data-element_type=\"container\" data-settings=\"{&quot;content_width&quot;:&quot;full&quot;}\" data-core-v316-plus=\"true\">\n\t\t\t\t<div class=\"elementor-element elementor-element-e8aa983 elementor-widget elementor-widget-google_maps\" data-id=\"e8aa983\" data-element_type=\"widget\" data-widget_type=\"google_maps.default\">\n\t\t\t\t<div class=\"elementor-widget-container\">\n\t\t\t<style>\/*! elementor - v3.18.0 - 20-12-2023 *\/\n.elementor-widget-google_maps .elementor-widget-container{overflow:hidden}.elementor-widget-google_maps .elementor-custom-embed{line-height:0}.elementor-widget-google_maps iframe{height:300px}<\/style>\t\t<div class=\"elementor-custom-embed\">\n\t\t\t<iframe loading=\"lazy\"\n\t\t\t\t\tsrc=\"https:\/\/maps.google.com\/maps?q=Cr%C3%AAperie%20des%202%20Portes%2012%20Rue%20des%202%20Portes%2C%2078000%20Versailles&#038;t=m&#038;z=14&#038;output=embed&#038;iwloc=near\"\n\t\t\t\t\ttitle=\"Cr\u00eaperie des 2 Portes 12 Rue des 2 Portes, 78000 Versailles\"\n\t\t\t\t\taria-label=\"Cr\u00eaperie des 2 Portes 12 Rue des 2 Portes, 78000 Versailles\"\n\t\t\t><\/iframe>\n\t\t<\/div>\n\t\t\t\t<\/div>\n\t\t\t\t<\/div>\n\t\t\t\t<\/div>\n\t\t<div class=\"elementor-element elementor-element-3e4aaa6 e-flex e-con-boxed e-con e-parent\" data-id=\"3e4aaa6\" data-element_type=\"container\" data-settings=\"{&quot;content_width&quot;:&quot;boxed&quot;}\" data-core-v316-plus=\"true\">\n\t\t\t\t\t<div class=\"e-con-inner\">\n\t\t\t\t\t<\/div>\n\t\t\t\t<\/div>\n\t\t\t\t\t\t\t<\/div>\n\t\t","protected":false},"excerpt":{"rendered":"<p>Contactez nous ! R\u00e9servez votre table ou demandez un renseignement INFOS PRATIQUESCUISINE \u00c0 la Cr\u00eaperie des Deux Portes, la gastronomie est un art que nous cultivons avec passion. Chaque bouch\u00e9e est une invitation \u00e0 un voyage culinaire exquis, et notre engagement envers la qualit\u00e9 et la fra\u00eecheur est au c\u0153ur de tout ce que nous [&hellip;]<\/p>\n","protected":false},"author":1,"featured_media":0,"parent":0,"menu_order":0,"comment_status":"closed","ping_status":"closed","template":"","meta":{"footnotes":""},"yoast_head":"<!-- This site is optimized with the Yoast SEO plugin v21.8 - https:\/\/yoast.com\/wordpress\/plugins\/seo\/ -->\n<title>Contact - La Creperie des 2 Portes<\/title>\n<meta name=\"description\" content=\"Contact - La Creperie des 2 Portes\" \/>\n<meta name=\"robots\" content=\"index, follow, max-snippet:-1, max-image-preview:large, max-video-preview:-1\" \/>\n<link rel=\"canonical\" href=\"https:\/\/creperiedes2portes.fr\/index.php\/contact\/\" \/>\n<meta property=\"og:locale\" content=\"en_US\" \/>\n<meta property=\"og:type\" content=\"article\" \/>\n<meta property=\"og:title\" content=\"Contact - La Creperie des 2 Portes\" \/>\n<meta property=\"og:description\" content=\"Contact - La Creperie des 2 Portes\" \/>\n<meta property=\"og:url\" content=\"https:\/\/creperiedes2portes.fr\/index.php\/contact\/\" \/>\n<meta property=\"og:site_name\" content=\"La Creperie des 2 Portes\" \/>\n<meta property=\"article:publisher\" content=\"https:\/\/www.facebook.com\/profile.php?id=100054576814080\" \/>\n<meta property=\"article:modified_time\" content=\"2024-01-05T15:55:21+00:00\" \/>\n<meta name=\"twitter:card\" content=\"summary_large_image\" \/>\n<meta name=\"twitter:label1\" content=\"Est. reading time\" \/>\n\t<meta name=\"twitter:data1\" content=\"2 minutes\" \/>\n<script type=\"application\/ld+json\" class=\"yoast-schema-graph\">{\"@context\":\"https:\/\/schema.org\",\"@graph\":[{\"@type\":\"WebPage\",\"@id\":\"https:\/\/creperiedes2portes.fr\/index.php\/contact\/\",\"url\":\"https:\/\/creperiedes2portes.fr\/index.php\/contact\/\",\"name\":\"Contact - La Creperie des 2 Portes\",\"isPartOf\":{\"@id\":\"https:\/\/creperiedes2portes.fr\/#website\"},\"datePublished\":\"2023-10-24T14:49:18+00:00\",\"dateModified\":\"2024-01-05T15:55:21+00:00\",\"description\":\"Contact - La Creperie des 2 Portes\",\"breadcrumb\":{\"@id\":\"https:\/\/creperiedes2portes.fr\/index.php\/contact\/#breadcrumb\"},\"inLanguage\":\"en-US\",\"potentialAction\":[{\"@type\":\"ReadAction\",\"target\":[\"https:\/\/creperiedes2portes.fr\/index.php\/contact\/\"]}]},{\"@type\":\"BreadcrumbList\",\"@id\":\"https:\/\/creperiedes2portes.fr\/index.php\/contact\/#breadcrumb\",\"itemListElement\":[{\"@type\":\"ListItem\",\"position\":1,\"name\":\"La Cr\u00eaperie des 2 Portes \u00e0 Versailles\",\"item\":\"https:\/\/creperiedes2portes.fr\/\"},{\"@type\":\"ListItem\",\"position\":2,\"name\":\"Contact\"}]},{\"@type\":\"WebSite\",\"@id\":\"https:\/\/creperiedes2portes.fr\/#website\",\"url\":\"https:\/\/creperiedes2portes.fr\/\",\"name\":\"La Cr\u00eaperie des 2 Portes\",\"description\":\"\",\"publisher\":{\"@id\":\"https:\/\/creperiedes2portes.fr\/#organization\"},\"potentialAction\":[{\"@type\":\"SearchAction\",\"target\":{\"@type\":\"EntryPoint\",\"urlTemplate\":\"https:\/\/creperiedes2portes.fr\/?s={search_term_string}\"},\"query-input\":\"required name=search_term_string\"}],\"inLanguage\":\"en-US\"},{\"@type\":\"Organization\",\"@id\":\"https:\/\/creperiedes2portes.fr\/#organization\",\"name\":\"La Cr\u00eaperie des 2 Portes\",\"url\":\"https:\/\/creperiedes2portes.fr\/\",\"logo\":{\"@type\":\"ImageObject\",\"inLanguage\":\"en-US\",\"@id\":\"https:\/\/creperiedes2portes.fr\/#\/schema\/logo\/image\/\",\"url\":\"https:\/\/creperiedes2portes.fr\/wp-content\/uploads\/2023\/11\/Logo-creperie-300x177-1.webp\",\"contentUrl\":\"https:\/\/creperiedes2portes.fr\/wp-content\/uploads\/2023\/11\/Logo-creperie-300x177-1.webp\",\"width\":300,\"height\":177,\"caption\":\"La Cr\u00eaperie des 2 Portes\"},\"image\":{\"@id\":\"https:\/\/creperiedes2portes.fr\/#\/schema\/logo\/image\/\"},\"sameAs\":[\"https:\/\/www.facebook.com\/profile.php?id=100054576814080\",\"https:\/\/www.instagram.com\/lacreperiedes2portes\/\"]}]}<\/script>\n<!-- \/ Yoast SEO plugin. -->","yoast_head_json":{"title":"Contact - La Creperie des 2 Portes","description":"Contact - La Creperie des 2 Portes","robots":{"index":"index","follow":"follow","max-snippet":"max-snippet:-1","max-image-preview":"max-image-preview:large","max-video-preview":"max-video-preview:-1"},"canonical":"https:\/\/creperiedes2portes.fr\/index.php\/contact\/","og_locale":"en_US","og_type":"article","og_title":"Contact - La Creperie des 2 Portes","og_description":"Contact - La Creperie des 2 Portes","og_url":"https:\/\/creperiedes2portes.fr\/index.php\/contact\/","og_site_name":"La Creperie des 2 Portes","article_publisher":"https:\/\/www.facebook.com\/profile.php?id=100054576814080","article_modified_time":"2024-01-05T15:55:21+00:00","twitter_card":"summary_large_image","twitter_misc":{"Est. reading time":"2 minutes"},"schema":{"@context":"https:\/\/schema.org","@graph":[{"@type":"WebPage","@id":"https:\/\/creperiedes2portes.fr\/index.php\/contact\/","url":"https:\/\/creperiedes2portes.fr\/index.php\/contact\/","name":"Contact - La Creperie des 2 Portes","isPartOf":{"@id":"https:\/\/creperiedes2portes.fr\/#website"},"datePublished":"2023-10-24T14:49:18+00:00","dateModified":"2024-01-05T15:55:21+00:00","description":"Contact - La Creperie des 2 Portes","breadcrumb":{"@id":"https:\/\/creperiedes2portes.fr\/index.php\/contact\/#breadcrumb"},"inLanguage":"en-US","potentialAction":[{"@type":"ReadAction","target":["https:\/\/creperiedes2portes.fr\/index.php\/contact\/"]}]},{"@type":"BreadcrumbList","@id":"https:\/\/creperiedes2portes.fr\/index.php\/contact\/#breadcrumb","itemListElement":[{"@type":"ListItem","position":1,"name":"La Cr\u00eaperie des 2 Portes \u00e0 Versailles","item":"https:\/\/creperiedes2portes.fr\/"},{"@type":"ListItem","position":2,"name":"Contact"}]},{"@type":"WebSite","@id":"https:\/\/creperiedes2portes.fr\/#website","url":"https:\/\/creperiedes2portes.fr\/","name":"La Cr\u00eaperie des 2 Portes","description":"","publisher":{"@id":"https:\/\/creperiedes2portes.fr\/#organization"},"potentialAction":[{"@type":"SearchAction","target":{"@type":"EntryPoint","urlTemplate":"https:\/\/creperiedes2portes.fr\/?s={search_term_string}"},"query-input":"required name=search_term_string"}],"inLanguage":"en-US"},{"@type":"Organization","@id":"https:\/\/creperiedes2portes.fr\/#organization","name":"La Cr\u00eaperie des 2 Portes","url":"https:\/\/creperiedes2portes.fr\/","logo":{"@type":"ImageObject","inLanguage":"en-US","@id":"https:\/\/creperiedes2portes.fr\/#\/schema\/logo\/image\/","url":"https:\/\/creperiedes2portes.fr\/wp-content\/uploads\/2023\/11\/Logo-creperie-300x177-1.webp","contentUrl":"https:\/\/creperiedes2portes.fr\/wp-content\/uploads\/2023\/11\/Logo-creperie-300x177-1.webp","width":300,"height":177,"caption":"La Cr\u00eaperie des 2 Portes"},"image":{"@id":"https:\/\/creperiedes2portes.fr\/#\/schema\/logo\/image\/"},"sameAs":["https:\/\/www.facebook.com\/profile.php?id=100054576814080","https:\/\/www.instagram.com\/lacreperiedes2portes\/"]}]}},"_links":{"self":[{"href":"https:\/\/creperiedes2portes.fr\/index.php\/wp-json\/wp\/v2\/pages\/85"}],"collection":[{"href":"https:\/\/creperiedes2portes.fr\/index.php\/wp-json\/wp\/v2\/pages"}],"about":[{"href":"https:\/\/creperiedes2portes.fr\/index.php\/wp-json\/wp\/v2\/types\/page"}],"author":[{"embeddable":true,"href":"https:\/\/creperiedes2portes.fr\/index.php\/wp-json\/wp\/v2\/users\/1"}],"replies":[{"embeddable":true,"href":"https:\/\/creperiedes2portes.fr\/index.php\/wp-json\/wp\/v2\/comments?post=85"}],"version-history":[{"count":109,"href":"https:\/\/creperiedes2portes.fr\/index.php\/wp-json\/wp\/v2\/pages\/85\/revisions"}],"predecessor-version":[{"id":1022,"href":"https:\/\/creperiedes2portes.fr\/index.php\/wp-json\/wp\/v2\/pages\/85\/revisions\/1022"}],"wp:attachment":[{"href":"https:\/\/creperiedes2portes.fr\/index.php\/wp-json\/wp\/v2\/media?parent=85"}],"curies":[{"name":"wp","href":"https:\/\/api.w.org\/{rel}","templated":true}]}}